{"id":2339,"date":"2024-03-05T16:56:23","date_gmt":"2024-03-05T16:56:23","guid":{"rendered":"https:\/\/www.coach-4u.ch\/?page_id=2339"},"modified":"2025-10-27T17:13:37","modified_gmt":"2025-10-27T17:13:37","slug":"cosa","status":"publish","type":"page","link":"https:\/\/www.coach-4u.ch\/de\/cosa\/","title":{"rendered":"COSA"},"content":{"rendered":"<div data-elementor-type=\"wp-page\" data-elementor-id=\"2339\" class=\"elementor elementor-2339\">\n\t\t\t\t<div class=\"elementor-element elementor-element-6a3d309 e-flex e-con-boxed e-con e-parent\" data-id=\"6a3d309\" data-element_type=\"container\" data-settings=\"{&quot;background_background&quot;:&quot;classic&quot;}\">\n\t\t\t\t\t<div class=\"e-con-inner\">\n\t\t<div class=\"elementor-element elementor-element-ecb9481 e-con-full e-flex e-con e-child\" data-id=\"ecb9481\" data-element_type=\"container\">\n\t\t<div class=\"elementor-element elementor-element-2339614 e-con-full e-flex e-con e-child\" data-id=\"2339614\" data-element_type=\"container\">\n\t\t<div class=\"elementor-element elementor-element-daf0922 e-con-full e-flex e-con e-child\" data-id=\"daf0922\" data-element_type=\"container\">\n\t\t<div class=\"elementor-element elementor-element-7821770 e-con-full e-flex e-con e-child\" data-id=\"7821770\" data-element_type=\"container\">\n\t\t<div class=\"elementor-element elementor-element-0763a94 e-con-full e-flex elementor-invisible e-con e-child\" data-id=\"0763a94\" data-element_type=\"container\" data-settings=\"{&quot;animation&quot;:&quot;fadeInLeft&quot;}\">\n\t\t\t\t<div class=\"elementor-element elementor-element-ce1b4b6 elementor-widget-divider--view-line elementor-invisible elementor-widget elementor-widget-divider\" data-id=\"ce1b4b6\" data-element_type=\"widget\" data-settings=\"{&quot;_animation&quot;:&quot;fadeInLeft&quot;}\" data-widget_type=\"divider.default\">\n\t\t\t\t<div class=\"elementor-widget-container\">\n\t\t\t\t\t\t\t<div class=\"elementor-divider\">\n\t\t\t<span class=\"elementor-divider-separator\">\n\t\t\t\t\t\t<\/span>\n\t\t<\/div>\n\t\t\t\t\t\t<\/div>\n\t\t\t\t<\/div>\n\t\t\t\t<\/div>\n\t\t<div class=\"elementor-element elementor-element-211371d e-con-full e-flex e-con e-child\" data-id=\"211371d\" data-element_type=\"container\">\n\t\t\t\t<div class=\"elementor-element elementor-element-53ecb17 elementor-invisible elementor-widget elementor-widget-heading\" data-id=\"53ecb17\" data-element_type=\"widget\" data-settings=\"{&quot;_animation&quot;:&quot;fadeInUp&quot;}\" data-widget_type=\"heading.default\">\n\t\t\t\t<div class=\"elementor-widget-container\">\n\t\t\t\t\t<h3 class=\"elementor-heading-title elementor-size-default\">Mehr im Detail<\/h3>\t\t\t\t<\/div>\n\t\t\t\t<\/div>\n\t\t\t\t<\/div>\n\t\t\t\t<\/div>\n\t\t\t\t<div class=\"elementor-element elementor-element-5fd1d45 elementor-widget elementor-widget-heading\" data-id=\"5fd1d45\" data-element_type=\"widget\" data-widget_type=\"heading.default\">\n\t\t\t\t<div class=\"elementor-widget-container\">\n\t\t\t\t\t<h2 class=\"elementor-heading-title elementor-size-default\">was?<\/h2>\t\t\t\t<\/div>\n\t\t\t\t<\/div>\n\t\t\t\t<div class=\"elementor-element elementor-element-693d82c elementor-widget elementor-widget-text-editor\" data-id=\"693d82c\" data-element_type=\"widget\" data-widget_type=\"text-editor.default\">\n\t\t\t\t<div class=\"elementor-widget-container\">\n\t\t\t\t\t\t\t\t\t<p>In diesem Abschnitt m\u00f6chte ich genauer erkl\u00e4ren, was ich anbiete und worin meine Dienstleistungen bestehen. <br \/>Sollten noch Unklarheiten bestehen, kannst du mich gerne kontaktieren...<\/p>\t\t\t\t\t\t\t\t<\/div>\n\t\t\t\t<\/div>\n\t\t\t\t<\/div>\n\t\t\t\t<\/div>\n\t\t\t\t<\/div>\n\t\t\t\t\t<\/div>\n\t\t\t\t<\/div>\n\t\t<div class=\"elementor-element elementor-element-ebda53b e-con-full e-flex e-con e-parent\" data-id=\"ebda53b\" data-element_type=\"container\" data-settings=\"{&quot;background_background&quot;:&quot;classic&quot;}\">\n\t\t<div class=\"elementor-element elementor-element-e6a376a e-con-full animated-slow e-flex elementor-invisible e-con e-child\" data-id=\"e6a376a\" data-element_type=\"container\" data-settings=\"{&quot;background_background&quot;:&quot;gradient&quot;,&quot;animation&quot;:&quot;fadeInUp&quot;,&quot;animation_delay&quot;:600}\">\n\t\t\t\t<div class=\"elementor-element elementor-element-73211ef elementor-widget elementor-widget-heading\" data-id=\"73211ef\" data-element_type=\"widget\" data-widget_type=\"heading.default\">\n\t\t\t\t<div class=\"elementor-widget-container\">\n\t\t\t\t\t<h3 class=\"elementor-heading-title elementor-size-default\">S<\/h3>\t\t\t\t<\/div>\n\t\t\t\t<\/div>\n\t\t\t\t<div class=\"elementor-element elementor-element-f5252cc elementor-widget-divider--view-line elementor-invisible elementor-widget elementor-widget-divider\" data-id=\"f5252cc\" data-element_type=\"widget\" data-settings=\"{&quot;_animation&quot;:&quot;fadeInUp&quot;}\" data-widget_type=\"divider.default\">\n\t\t\t\t<div class=\"elementor-widget-container\">\n\t\t\t\t\t\t\t<div class=\"elementor-divider\">\n\t\t\t<span class=\"elementor-divider-separator\">\n\t\t\t\t\t\t<\/span>\n\t\t<\/div>\n\t\t\t\t\t\t<\/div>\n\t\t\t\t<\/div>\n\t\t\t\t<div class=\"elementor-element elementor-element-0a0ea71 elementor-widget elementor-widget-text-editor\" data-id=\"0a0ea71\" data-element_type=\"widget\" data-widget_type=\"text-editor.default\">\n\t\t\t\t<div class=\"elementor-widget-container\">\n\t\t\t\t\t\t\t\t\t<p>SMALL &gt; BEGLEITUNG<\/p>\t\t\t\t\t\t\t\t<\/div>\n\t\t\t\t<\/div>\n\t\t\t\t<div class=\"elementor-element elementor-element-43472b7 elementor-widget elementor-widget-text-editor\" data-id=\"43472b7\" data-element_type=\"widget\" data-widget_type=\"text-editor.default\">\n\t\t\t\t<div class=\"elementor-widget-container\">\n\t\t\t\t\t\t\t\t\t<p>\u00abBegleitung\u00bb ist ein niederschwelliges Angebot, der sich insbesondere an Teenager und Jugendliche richtet. Oft denken Teenager, Coaching sei Therapie. Genau das m\u00f6chte ich vermeiden!<\/p><p>Jugendliche haben den Wunsch, \u00fcber allt\u00e4gliche Angelegenheiten zu sprechen, aber nicht immer auf psychoanalytische Weise. In dieser Phase sind die Eltern nicht immer die prim\u00e4ren und optimalen Ansprechpartner.<\/p><p>Daf\u00fcr steht \u00abBegleitung\u00bb: einfach, schnell und sympathisch. M\u00f6chtest du also \u00fcber deine stressige Pr\u00fcfung sprechen? Ist ein neuer Kerl in der Klasse hinzugekommen? Oder machst du dir Sorgen um die Zukunft? Kein Problem... ich h\u00f6re dir gerne zu.<\/p>\t\t\t\t\t\t\t\t<\/div>\n\t\t\t\t<\/div>\n\t\t\t\t<\/div>\n\t\t<div class=\"elementor-element elementor-element-9ba671a e-con-full animated-slow e-flex elementor-invisible e-con e-child\" data-id=\"9ba671a\" data-element_type=\"container\" data-settings=\"{&quot;background_background&quot;:&quot;gradient&quot;,&quot;animation&quot;:&quot;fadeInUp&quot;,&quot;animation_delay&quot;:600}\">\n\t\t\t\t<div class=\"elementor-element elementor-element-ca6adc2 elementor-widget elementor-widget-heading\" data-id=\"ca6adc2\" data-element_type=\"widget\" data-widget_type=\"heading.default\">\n\t\t\t\t<div class=\"elementor-widget-container\">\n\t\t\t\t\t<h3 class=\"elementor-heading-title elementor-size-default\">M<\/h3>\t\t\t\t<\/div>\n\t\t\t\t<\/div>\n\t\t\t\t<div class=\"elementor-element elementor-element-5420380 elementor-widget-divider--view-line elementor-invisible elementor-widget elementor-widget-divider\" data-id=\"5420380\" data-element_type=\"widget\" data-settings=\"{&quot;_animation&quot;:&quot;fadeInUp&quot;}\" data-widget_type=\"divider.default\">\n\t\t\t\t<div class=\"elementor-widget-container\">\n\t\t\t\t\t\t\t<div class=\"elementor-divider\">\n\t\t\t<span class=\"elementor-divider-separator\">\n\t\t\t\t\t\t<\/span>\n\t\t<\/div>\n\t\t\t\t\t\t<\/div>\n\t\t\t\t<\/div>\n\t\t\t\t<div class=\"elementor-element elementor-element-bb0e7c4 elementor-widget elementor-widget-text-editor\" data-id=\"bb0e7c4\" data-element_type=\"widget\" data-widget_type=\"text-editor.default\">\n\t\t\t\t<div class=\"elementor-widget-container\">\n\t\t\t\t\t\t\t\t\t<p>MEDIUM &gt; BERATUNG\/TIPPS<\/p>\t\t\t\t\t\t\t\t<\/div>\n\t\t\t\t<\/div>\n\t\t\t\t<div class=\"elementor-element elementor-element-c37ce85 elementor-widget elementor-widget-text-editor\" data-id=\"c37ce85\" data-element_type=\"widget\" data-widget_type=\"text-editor.default\">\n\t\t\t\t<div class=\"elementor-widget-container\">\n\t\t\t\t\t\t\t\t\t<p>\u00abBeratung\/Tipps\u00bb richtet sich an Eltern oder allgemein an Erziehungspersonen. Wie bei der Beglei-tung sollen die Interventionen kurz, einfach und ermutigend sein. Also auch hier keine Therapie.<\/p><p>Ich stelle fest, dass Eltern, und vor allem M\u00fcttern, mit Schuldgef\u00fchlen k\u00e4mpfen. \u00abGeburtsart, Stillen, Kinderbetreuung, Erwerbst\u00e4tigkeit, Verhalten dem Kind gegen\u00fcber\u00bb \u00dcberall gibt es Fallstricke, gross ist das Potenzial f\u00fcr Skrupel.<\/p><p>Deshalb liegt der Schwerpunkt im Angebot \u00abBeratung\/Tipps\u00bb auf praktischen Ratschl\u00e4gen oder Unter-st\u00fctzung in der Erziehung. Auch f\u00fcr allgemeine Tipps im Umgang mit Kindern im Alltag stehe ich gerne zur Verf\u00fcgung. Als Mutter von drei Kindern verstehe ich sehr gut, was es bedeutet, alles unter einen Hut zu bringen.<\/p><p>Unabh\u00e4ngig von der Situation, in der Du dich befindest, m\u00f6chte ich Dir sagen: DU MACHST EINEN SUPER JOB!<\/p>\t\t\t\t\t\t\t\t<\/div>\n\t\t\t\t<\/div>\n\t\t\t\t<\/div>\n\t\t<div class=\"elementor-element elementor-element-fed47f0 e-con-full animated-slow e-flex elementor-invisible e-con e-child\" data-id=\"fed47f0\" data-element_type=\"container\" data-settings=\"{&quot;background_background&quot;:&quot;gradient&quot;,&quot;animation&quot;:&quot;fadeInUp&quot;,&quot;animation_delay&quot;:600}\">\n\t\t\t\t<div class=\"elementor-element elementor-element-8a29656 elementor-widget elementor-widget-heading\" data-id=\"8a29656\" data-element_type=\"widget\" data-widget_type=\"heading.default\">\n\t\t\t\t<div class=\"elementor-widget-container\">\n\t\t\t\t\t<h3 class=\"elementor-heading-title elementor-size-default\">L<\/h3>\t\t\t\t<\/div>\n\t\t\t\t<\/div>\n\t\t\t\t<div class=\"elementor-element elementor-element-145978c elementor-widget-divider--view-line elementor-invisible elementor-widget elementor-widget-divider\" data-id=\"145978c\" data-element_type=\"widget\" data-settings=\"{&quot;_animation&quot;:&quot;fadeInUp&quot;}\" data-widget_type=\"divider.default\">\n\t\t\t\t<div class=\"elementor-widget-container\">\n\t\t\t\t\t\t\t<div class=\"elementor-divider\">\n\t\t\t<span class=\"elementor-divider-separator\">\n\t\t\t\t\t\t<\/span>\n\t\t<\/div>\n\t\t\t\t\t\t<\/div>\n\t\t\t\t<\/div>\n\t\t\t\t<div class=\"elementor-element elementor-element-22526d7 elementor-widget elementor-widget-text-editor\" data-id=\"22526d7\" data-element_type=\"widget\" data-widget_type=\"text-editor.default\">\n\t\t\t\t<div class=\"elementor-widget-container\">\n\t\t\t\t\t\t\t\t\t<p>LARGE &gt; JOB COACH<\/p>\t\t\t\t\t\t\t\t<\/div>\n\t\t\t\t<\/div>\n\t\t\t\t<div class=\"elementor-element elementor-element-b277490 elementor-widget elementor-widget-text-editor\" data-id=\"b277490\" data-element_type=\"widget\" data-widget_type=\"text-editor.default\">\n\t\t\t\t<div class=\"elementor-widget-container\">\n\t\t\t\t\t\t\t\t\t<p>\u00abJob Coach\u00bb ist ein zielgerichteter Begleitservice f\u00fcr Jugendliche, die Schwierigkeiten im Arbeitsleben haben. Eine der Hauptaufgaben besteht darin, zwischen Arbeitgeber und Auszubildendem zu vermitteln.<\/p><p>Ben\u00f6tigst Du also Unterst\u00fctzung oder Begleitung bei der Jobsuche?<\/p><p>Hast Du Schwierigkeiten mit deinem Ausbildungsbetreuer?<\/p><p>Als Job Coach f\u00fcr den Kanton Tessin aktiv, unterst\u00fctze ich derzeit Jugendliche auf ihrem Ausbildungsweg.\u00a0<\/p>\t\t\t\t\t\t\t\t<\/div>\n\t\t\t\t<\/div>\n\t\t\t\t<\/div>\n\t\t<div class=\"elementor-element elementor-element-8161799 e-con-full animated-slow e-flex elementor-invisible e-con e-child\" data-id=\"8161799\" data-element_type=\"container\" data-settings=\"{&quot;background_background&quot;:&quot;gradient&quot;,&quot;animation&quot;:&quot;fadeInUp&quot;,&quot;animation_delay&quot;:600}\">\n\t\t\t\t<div class=\"elementor-element elementor-element-90ef55c elementor-widget elementor-widget-heading\" data-id=\"90ef55c\" data-element_type=\"widget\" data-widget_type=\"heading.default\">\n\t\t\t\t<div class=\"elementor-widget-container\">\n\t\t\t\t\t<h3 class=\"elementor-heading-title elementor-size-default\">XL<\/h3>\t\t\t\t<\/div>\n\t\t\t\t<\/div>\n\t\t\t\t<div class=\"elementor-element elementor-element-32e8d24 elementor-widget-divider--view-line elementor-invisible elementor-widget elementor-widget-divider\" data-id=\"32e8d24\" data-element_type=\"widget\" data-settings=\"{&quot;_animation&quot;:&quot;fadeInUp&quot;}\" data-widget_type=\"divider.default\">\n\t\t\t\t<div class=\"elementor-widget-container\">\n\t\t\t\t\t\t\t<div class=\"elementor-divider\">\n\t\t\t<span class=\"elementor-divider-separator\">\n\t\t\t\t\t\t<\/span>\n\t\t<\/div>\n\t\t\t\t\t\t<\/div>\n\t\t\t\t<\/div>\n\t\t\t\t<div class=\"elementor-element elementor-element-af80b21 elementor-widget elementor-widget-text-editor\" data-id=\"af80b21\" data-element_type=\"widget\" data-widget_type=\"text-editor.default\">\n\t\t\t\t<div class=\"elementor-widget-container\">\n\t\t\t\t\t\t\t\t\t<p>X-LARGE &gt; COACHING<\/p>\t\t\t\t\t\t\t\t<\/div>\n\t\t\t\t<\/div>\n\t\t\t\t<div class=\"elementor-element elementor-element-a9e7da6 elementor-widget elementor-widget-text-editor\" data-id=\"a9e7da6\" data-element_type=\"widget\" data-widget_type=\"text-editor.default\">\n\t\t\t\t<div class=\"elementor-widget-container\">\n\t\t\t\t\t\t\t\t\t<p>\u00abCoaching\u00bb erinnere dich: ist ein strukturierter und l\u00f6sungsorientierter Prozess. Dieses Angebot richtet sich in der Regel an alle Erwachsenen und Jugendlichen ab 18 Jahren.<\/p><p>Angenommen, Berta m\u00f6chte ein Coachinggespr\u00e4ch, weil sie mit ihrer 15-j\u00e4hrigen Tochter gewisse Herausforderungen hat. Wir haben also zwei Hauptpersonen: Loredana, die Coach, und Berta, die Coachee.<\/p><p>Berta, mit Unterst\u00fctzung von Loredana, falls erforderlich, definiert ein Ziel, das sie f\u00fcr ihre aktuelle Situation als relevant betrachtet. Wurde dies definiert, liegt es in der Verantwortung des Coaches, den Prozess zum festgelegten Ziel zu f\u00fchren. Dar\u00fcber hinaus unterst\u00fctzt Loredana Berta bei der Entwicklung und dem Ausbau ihrer F\u00e4higkeiten. Ziel ist es: Hilfe zur Selbsthilfe.<\/p><p>Manchmal sieht man den Wald vor lauter B\u00e4umen nicht, das heisst, wir verlieren den \u00dcberblick \u00fcber das Gesamtbild aufgrund einer \u00fcberm\u00e4ssigen Konzentration auf die Details. Im Coaching-Prozess hat Berta also die M\u00f6glichkeit, einen Schritt zur\u00fcckzutreten, zu beobachten und die Konsequenzen ihres Handelns zu betrachten. Auf diese Weise hat Berta die Chance, neue Perspektiven und L\u00f6sungen daf\u00fcr zu entdecken, wie sie die stressige Situation mit ihrer Tochter bew\u00e4ltigen kann.<\/p>\t\t\t\t\t\t\t\t<\/div>\n\t\t\t\t<\/div>\n\t\t\t\t<\/div>\n\t\t\t\t<\/div>\n\t\t\t\t<\/div>","protected":false},"excerpt":{"rendered":"<p>Pi\u00f9 nel dettaglio cosa? In questa sezione, voglio spiegare meglio cosa offro e in cosa consistono i miei servizi. Se rimangono comunque delle incertezze, contattami pure\u2026 S SMALL &gt; ACCOMPAGNAMENTO \u00abAccompagnamento\u00bb \u00e8 un servizio semplice e accessibile, rivolto in particolare agli adolescenti e ai giovani. Spesso i teenager associano il coaching a una terapia. \u00c8 [&hellip;]<\/p>","protected":false},"author":1,"featured_media":0,"parent":0,"menu_order":0,"comment_status":"closed","ping_status":"closed","template":"","meta":{"ocean_post_layout":"full-screen","ocean_both_sidebars_style":"","ocean_both_sidebars_content_width":0,"ocean_both_sidebars_sidebars_width":0,"ocean_sidebar":"","ocean_second_sidebar":"","ocean_disable_margins":"enable","ocean_add_body_class":"","ocean_shortcode_before_top_bar":"","ocean_shortcode_after_top_bar":"","ocean_shortcode_before_header":"","ocean_shortcode_after_header":"","ocean_has_shortcode":"","ocean_shortcode_after_title":"","ocean_shortcode_before_footer_widgets":"","ocean_shortcode_after_footer_widgets":"","ocean_shortcode_before_footer_bottom":"","ocean_shortcode_after_footer_bottom":"","ocean_display_top_bar":"off","ocean_display_header":"default","ocean_header_style":"","ocean_center_header_left_menu":"","ocean_custom_header_template":"","ocean_custom_logo":0,"ocean_custom_retina_logo":0,"ocean_custom_logo_max_width":0,"ocean_custom_logo_tablet_max_width":0,"ocean_custom_logo_mobile_max_width":0,"ocean_custom_logo_max_height":0,"ocean_custom_logo_tablet_max_height":0,"ocean_custom_logo_mobile_max_height":0,"ocean_header_custom_menu":"","ocean_menu_typo_font_family":"","ocean_menu_typo_font_subset":"","ocean_menu_typo_font_size":0,"ocean_menu_typo_font_size_tablet":0,"ocean_menu_typo_font_size_mobile":0,"ocean_menu_typo_font_size_unit":"px","ocean_menu_typo_font_weight":"","ocean_menu_typo_font_weight_tablet":"","ocean_menu_typo_font_weight_mobile":"","ocean_menu_typo_transform":"","ocean_menu_typo_transform_tablet":"","ocean_menu_typo_transform_mobile":"","ocean_menu_typo_line_height":0,"ocean_menu_typo_line_height_tablet":0,"ocean_menu_typo_line_height_mobile":0,"ocean_menu_typo_line_height_unit":"","ocean_menu_typo_spacing":0,"ocean_menu_typo_spacing_tablet":0,"ocean_menu_typo_spacing_mobile":0,"ocean_menu_typo_spacing_unit":"","ocean_menu_link_color":"","ocean_menu_link_color_hover":"","ocean_menu_link_color_active":"","ocean_menu_link_background":"","ocean_menu_link_hover_background":"","ocean_menu_link_active_background":"","ocean_menu_social_links_bg":"","ocean_menu_social_hover_links_bg":"","ocean_menu_social_links_color":"","ocean_menu_social_hover_links_color":"","ocean_disable_title":"on","ocean_disable_heading":"default","ocean_post_title":"","ocean_post_subheading":"","ocean_post_title_style":"","ocean_post_title_background_color":"","ocean_post_title_background":0,"ocean_post_title_bg_image_position":"","ocean_post_title_bg_image_attachment":"","ocean_post_title_bg_image_repeat":"","ocean_post_title_bg_image_size":"","ocean_post_title_height":0,"ocean_post_title_bg_overlay":0.5,"ocean_post_title_bg_overlay_color":"","ocean_disable_breadcrumbs":"default","ocean_breadcrumbs_color":"","ocean_breadcrumbs_separator_color":"","ocean_breadcrumbs_links_color":"","ocean_breadcrumbs_links_hover_color":"","ocean_display_footer_widgets":"off","ocean_display_footer_bottom":"off","ocean_custom_footer_template":"","footnotes":""},"class_list":["post-2339","page","type-page","status-publish","hentry","entry"],"_links":{"self":[{"href":"https:\/\/www.coach-4u.ch\/de\/wp-json\/wp\/v2\/pages\/2339","targetHints":{"allow":["GET"]}}],"collection":[{"href":"https:\/\/www.coach-4u.ch\/de\/wp-json\/wp\/v2\/pages"}],"about":[{"href":"https:\/\/www.coach-4u.ch\/de\/wp-json\/wp\/v2\/types\/page"}],"author":[{"embeddable":true,"href":"https:\/\/www.coach-4u.ch\/de\/wp-json\/wp\/v2\/users\/1"}],"replies":[{"embeddable":true,"href":"https:\/\/www.coach-4u.ch\/de\/wp-json\/wp\/v2\/comments?post=2339"}],"version-history":[{"count":98,"href":"https:\/\/www.coach-4u.ch\/de\/wp-json\/wp\/v2\/pages\/2339\/revisions"}],"predecessor-version":[{"id":4032,"href":"https:\/\/www.coach-4u.ch\/de\/wp-json\/wp\/v2\/pages\/2339\/revisions\/4032"}],"wp:attachment":[{"href":"https:\/\/www.coach-4u.ch\/de\/wp-json\/wp\/v2\/media?parent=2339"}],"curies":[{"name":"wp","href":"https:\/\/api.w.org\/{rel}","templated":true}]}}