{"id":794,"date":"2024-01-24T15:10:00","date_gmt":"2024-01-24T15:10:00","guid":{"rendered":"https:\/\/www.coach-4u.ch\/?page_id=794"},"modified":"2024-02-07T15:20:08","modified_gmt":"2024-02-07T15:20:08","slug":"protezione-dei-dati","status":"publish","type":"page","link":"https:\/\/www.coach-4u.ch\/de\/protezione-dei-dati\/","title":{"rendered":"Datenschutz"},"content":{"rendered":"<div data-elementor-type=\"wp-page\" data-elementor-id=\"794\" class=\"elementor elementor-794\">\n\t\t\t\t<div class=\"elementor-element elementor-element-e6e6357 e-flex e-con-boxed e-con e-parent\" data-id=\"e6e6357\" data-element_type=\"container\" data-settings=\"{&quot;background_background&quot;:&quot;classic&quot;}\">\n\t\t\t\t\t<div class=\"e-con-inner\">\n\t\t<div class=\"elementor-element elementor-element-db1e002 e-flex e-con-boxed e-con e-child\" data-id=\"db1e002\" data-element_type=\"container\">\n\t\t\t\t\t<div class=\"e-con-inner\">\n\t\t\t\t<div class=\"elementor-element elementor-element-deda631 animated-slow elementor-widget elementor-widget-heading\" data-id=\"deda631\" data-element_type=\"widget\" data-settings=\"{&quot;_animation&quot;:&quot;none&quot;,&quot;_animation_delay&quot;:600}\" data-widget_type=\"heading.default\">\n\t\t\t\t<div class=\"elementor-widget-container\">\n\t\t\t\t\t<h2 class=\"elementor-heading-title elementor-size-default\">Datenschutz<\/h2>\t\t\t\t<\/div>\n\t\t\t\t<\/div>\n\t\t\t\t<div class=\"elementor-element elementor-element-b20261c animated-fast elementor-widget elementor-widget-text-editor\" data-id=\"b20261c\" data-element_type=\"widget\" data-settings=\"{&quot;_animation_delay&quot;:600,&quot;_animation&quot;:&quot;none&quot;}\" data-widget_type=\"text-editor.default\">\n\t\t\t\t<div class=\"elementor-widget-container\">\n\t\t\t\t\t\t\t\t\t<p style=\"text-align: left;\">Wir freuen uns \u00fcber Ihren Besuch auf unserer Webseite und hoffen, Ihnen mit diesem Angebot die gew\u00fcnschten Informationen zu bieten. Die Betreiber dieser Seiten nehmen den Schutz Ihrer pers\u00f6nlichen Daten sehr ernst. Wir behandeln Ihre personenbezogenen Daten vertraulich und entsprechend der gesetzlichen Datenschutzvorschriften sowie dieser Datenschutzerkl\u00e4rung.<\/p>\t\t\t\t\t\t\t\t<\/div>\n\t\t\t\t<\/div>\n\t\t\t\t<div class=\"elementor-element elementor-element-cde8fa3 animated-slow elementor-widget elementor-widget-heading\" data-id=\"cde8fa3\" data-element_type=\"widget\" data-settings=\"{&quot;_animation&quot;:&quot;none&quot;,&quot;_animation_delay&quot;:600}\" data-widget_type=\"heading.default\">\n\t\t\t\t<div class=\"elementor-widget-container\">\n\t\t\t\t\t<h2 class=\"elementor-heading-title elementor-size-default\">Rechtliche Hinweise<\/h2>\t\t\t\t<\/div>\n\t\t\t\t<\/div>\n\t\t\t\t<div class=\"elementor-element elementor-element-38d42dd animated-fast elementor-widget elementor-widget-text-editor\" data-id=\"38d42dd\" data-element_type=\"widget\" data-settings=\"{&quot;_animation&quot;:&quot;none&quot;,&quot;_animation_delay&quot;:600}\" data-widget_type=\"text-editor.default\">\n\t\t\t\t<div class=\"elementor-widget-container\">\n\t\t\t\t\t\t\t\t\t<p><strong>1. Urheberrecht<\/strong><br \/>Der Inhalt dieser Website unterliegt dem Urheberrecht. Kopien oder Ausz\u00fcge davon d\u00fcrfen nur mit schriftlicher Genehmigung gemacht werden. Dies gilt f\u00fcr Bild und Text.<br \/><strong>2. Haftung f\u00fcr Links<\/strong><br \/>Obwohl Verweise auf andere Websites sorgf\u00e4ltig kontrolliert werden, k\u00f6nnen wir keine Verantwortung f\u00fcr deren Inhalte \u00fcbernehmen. F\u00fcr die Inhalte der verlinkten Sites ist stets der jeweilige Anbieter oder Betreiber der Seiten verantwortlich.<br \/><strong>3. Haftungsausschluss<\/strong><br \/>Der Autor \u00fcbernimmt keine Gew\u00e4hr f\u00fcr die Richtigkeit, Genauigkeit, Aktualit\u00e4t, Zuverl\u00e4ssigkeit und Vollst\u00e4ndigkeit der Informationen. Haftungsanspr\u00fcche gegen den Autor wegen Sch\u00e4den materieller oder immaterieller Art, die aus dem Zugriff oder der Nutzung bzw. Nichtnutzung der ver\u00f6ffentlichten Informationen, durch Missbrauch der Verbindung oder durch technische St\u00f6rungen entstanden sind, werden ausgeschlossen. Alle Angebote sind freibleibend. Der Autor beh\u00e4lt es sich ausdr\u00fccklich vor, Teile der Seiten oder das gesamte Angebot ohne gesonderte Ank\u00fcndigung zu ver\u00e4ndern, zu erg\u00e4nzen, zu l\u00f6schen oder die Ver\u00f6ffentlichung zeitweise oder endg\u00fcltig einzustellen.<\/p>\t\t\t\t\t\t\t\t<\/div>\n\t\t\t\t<\/div>\n\t\t\t\t<div class=\"elementor-element elementor-element-8bdb210 animated-slow elementor-widget elementor-widget-heading\" data-id=\"8bdb210\" data-element_type=\"widget\" data-settings=\"{&quot;_animation&quot;:&quot;none&quot;,&quot;_animation_delay&quot;:600}\" data-widget_type=\"heading.default\">\n\t\t\t\t<div class=\"elementor-widget-container\">\n\t\t\t\t\t<h2 class=\"elementor-heading-title elementor-size-default\">Datenschutzbestimmungen<\/h2>\t\t\t\t<\/div>\n\t\t\t\t<\/div>\n\t\t\t\t<div class=\"elementor-element elementor-element-6b641c7 animated-fast elementor-widget elementor-widget-text-editor\" data-id=\"6b641c7\" data-element_type=\"widget\" data-settings=\"{&quot;_animation&quot;:&quot;none&quot;,&quot;_animation_delay&quot;:600}\" data-widget_type=\"text-editor.default\">\n\t\t\t\t<div class=\"elementor-widget-container\">\n\t\t\t\t\t\t\t\t\t<p>Wir legen grossen Wert auf Ihre Privatsph\u00e4re und den Schutz Ihrer personenbezogenen Da-ten. Wir verpflichten uns zu einem verantwortungsvollen Umgang der Verarbeitung und Nut-zung Ihrer personenbezogenen Daten. Diese Website kann grunds\u00e4tzlich ohne Registrierung besucht werden. Bei einem Besuch dieser Website erheben wir keine personenbezogenen Daten von Ihnen.<\/p>\n<p><strong>1. Daten welche Sie uns zur Verf\u00fcgung stellen<\/strong><br>Personenbezogene Daten werden nur erhoben, wenn Sie uns diese selbst \u00fcber unser Kon-taktformular mitteilen. Diese Daten werden ausschliesslich zur Beantwortung Ihres Anliegens genutzt und danach wieder gel\u00f6scht.<\/p>\n<p><strong>2. Daten welche automatisch verarbeitet werden<\/strong><br>Wenn Sie auf diese Webseite zugreifen werden automatisch Informationen allgemeiner Na-tur erfasst. Diese Informationen werden im Server-Logfile erfasst und beinhalten die Art des Webbrowsers, das verwendete Betriebssystem, den Domainnamen Ihres Internet-Service-Providers, Ihre IP-Adresse und \u00e4hnliches. Diese werden zu statistischen Zwecken auf dem Ser-ver gespeichert, ohne dass diese Daten unmittelbar auf Ihre Person bezogen werden.<\/p>\n<p><strong>3. Speicherdauer<\/strong><br>Die Daten werden gel\u00f6scht, sobald diese f\u00fcr den Zweck der Erhebung nicht mehr erforder-lich sind. Dies ist f\u00fcr die Daten, die der Bereitstellung der Webseite dienen, grunds\u00e4tzlich der Fall, wenn die jeweilige Sitzung beendet ist.<\/p>\n<p><strong>4. Wie wir Ihre Daten sch\u00fctzen<\/strong><br>Diese Webseite nutzt aus Gr\u00fcnden der Sicherheit und zum Schutz der \u00dcbertragung vertrauli-cher Inhalte, wie zum Beispiel der Anfragen, die Sie an uns senden, eine SSL-Verschl\u00fcsselung. Eine verschl\u00fcsselte Verbindung erkennen Sie am Schloss-Symbol und dem \"https:\/\/\" in der Browserzeile. Wenn die SSL-Verschl\u00fcsselung aktiviert ist, k\u00f6nnen die Daten, die Sie an uns \u00fcbermitteln, nicht von Dritten mitgelesen werden.<\/p>\n<p><strong>5. Verwendung von eigenen Cookies<\/strong><br>Beim Aufruf der Website wird ein so genanntes \u00abSession-Cookie\u00bb gesetzt. Hierbei handelt es sich um eine kleine Textdatei, die nach Ende der Browser-Sitzung automatisch wieder von Ihrem Computer gel\u00f6scht wird. Diese Datei dient ausschliesslich dazu, bestimmte Informati-onen nutzen zu k\u00f6nnen. Sie k\u00f6nnen bei den meisten Webbrowsern die Einstellungen so \u00e4n-dern, dass Ihr Browser neue Cookies nicht akzeptiert oder Sie k\u00f6nnen erhaltenen Cookies l\u00f6schen lassen. Wie dies konkret f\u00fcr Ihren Browser funktioniert, kann in der Regel \u00fcber des-sen Hilfe-Funktion in Erfahrung gebracht werden.<\/p>\n<p><strong>6. Server Log-Files<\/strong><br>Der Provider der Seiten erhebt und speichert automatisch folgende Informationen in sogenannten Server-Log Files, die Ihr Browser automatisch an uns \u00fcbermittelt:<\/p>\n<ul>\n<li>IP-Adresse<\/li>\n<li>Browsertyp und Browserversion<\/li>\n<li>Verwendetes Betriebssystem<\/li>\n<li>Referrer URL<\/li>\n<li>Hostname des zugreifenden Rechners<\/li>\n<li>Uhrzeit der Serveranfrage<\/li>\n<\/ul>\n<p>Diese Daten k\u00f6nnen nicht direkt bestimmten Personen zugeordnet werden. Sie werden nicht mit anderen Datenquellen zusammengef\u00fchrt. Wir behalten uns vor, diese Daten nachtr\u00e4glich zu pr\u00fcfen, wenn uns konkrete Anhaltspunkte f\u00fcr eine rechtswidrige Nutzung bekannt werden. Diese und s\u00e4mtliche weiteren Daten dieser Webseite werden bei unserem Hosting-Provider, Webland AG, Emil Frei-Strasse 85, CH-4142 M\u00fcnchenstein gespeichert.<\/p>\n<p><strong style=\"font-size: 15px;\">7. Kommentare Blog<\/strong><br>Mit der Nutzung interaktiver Funktionen (Kommentare, Foren, Blogs etc.) K\u00f6nnen Nutzer \u00fcber Erfahrungen und Meinungen mit Kommentaren oder anderen Mitteilungen austau-schen. Jegliche Haftung f\u00fcr Beitr\u00e4ge unserer Nutzer durch uns ist ausgeschlossen. Es ist uns nicht m\u00f6glich, s\u00e4mtliche Beitr\u00e4ge auf ihre Rechtm\u00e4ssigkeit und Vereinbarkeit mit diesen All-gemeinen Gesch\u00e4ftsbedingungen zu \u00fcberpr\u00fcfen. Sollte ein Beitrag Ihre Rechte verletzen, bitten wir Sie uns umgehend dar\u00fcber zu informieren.<\/p>\n<p><strong>8. Google Web Fonts<\/strong><br>Diese Website nutzt zur einheitlichen Darstellung von Schriftarten sogenannte Web Fonts, die von Google bereitgestellt werden. Beim Aufruf einer Seite l\u00e4dt Ihr Browser die ben\u00f6tigten Web-Fonts in ihren Browsercache, um Texte und Schriftarten korrekt anzuzeigen. Wenn Ihr Browser Web Fonts nicht unterst\u00fctzt, wird eine Standardschrift von Ihrem Computer genutzt. Weitere Informationen bez\u00fcglich Datenschutzerkl\u00e4rung und Nutzungsbedingungen von Google finden Sie unter: https:\/\/policies.google.com\/privacy<\/p>\n<p><strong>9. Datenschutzerkl\u00e4rung f\u00fcr Facebook<\/strong><br>Diese Website verwendet Funktionen von Facebook Inc., 1601 S. California Ave, Palo Alto, CA 94304, USA. Bei Aufruf unserer Seiten mit einem Facebook Plugin wird eine Verbindung zwischen Ihrem Browser und den Servern von Facebook aufgebaut. Dabei werden bereits Daten an Facebook \u00fcbertragen. Besitzen Sie einen Facebook-Account, k\u00f6nnen diese Daten damit verkn\u00fcpft werden. Dadurch kann Facebook den Besuch unserer Seiten Ihrem Benutzerkonto zuordnen. Der Websitebetreiber hat keine Kenntnis vom Inhalt der \u00fcbermittelten Daten sowie deren Nutzung durch Facebook. Wenn Sie keine Zuordnung dieser Daten zu Ihrem Facebook-Account w\u00fcnschen, loggen Sie sich bitte vor dem Besuch unserer Seite bei Facebook aus. Interaktionen, insbesondere das Nutzen einer Kommentarfunktion oder das Anklicken eines \u201eLike\u201c- oder \u201eTeilen\u201c-Buttons werden ebenfalls an Facebook weitergegeben. Mehr er-fahren Sie unter https:\/\/de-de.facebook.com\/about\/privacy.<\/p>\n<p><strong>10. Datenschutzerkl\u00e4rung f\u00fcr Instagram<\/strong><br>Auf unserer Website sind Funktionen des Dienstes Instagram eingebunden. Diese Funktionen werden angeboten durch die Instagram Inc., 1601 Willow Road, Menlo Park, CA, 94025, USA integriert. Wenn Sie in Ihrem Instagram-Account eingeloggt sind, k\u00f6nnen Sie durch Anklicken des Instagram-Buttons die Inhalte unserer Seiten mit Ihrem Instagram-Profil verlinken. Dadurch kann Instagram den Besuch unserer Seiten Ihrem Benutzerkonto zuordnen. Wir weisen darauf hin, dass wir als Anbieter der Seiten keine Kenntnis vom Inhalt der \u00fcbermittelten Daten sowie deren Nutzung durch Instagram erhalten. Weitere Informationen hierzu finden Sie in der Datenschutzerkl\u00e4rung von Instagram: http:\/\/instagram.com\/about\/legal\/privacy\/<\/p>\n<p><strong>11. Datenschutzerkl\u00e4rung f\u00fcr LinkedIn<\/strong><br>Auf unserer Website sind Plugins von LinkedIn integriert. Anbieter ist LinkedIn Corporation, 2029 Stierlin Court, Mountain View, CA 94043, USA. Bei jedem Aufruf unserer Website wird eine Verbindung zu Servern von LinkedIn aufgebaut. LinkedIn wird dar\u00fcber informiert, dass Sie unsere Website mit Ihrer IP-Adresse besucht haben. Wenn Sie den \u00abRecommend-Button\u00bb von LinkedIn anklicken und in Ihrem Account bei LinkedIn eingeloggt sind, kann LinkedIn Ihren Besuch auf unserer Internetseite Ihrem Benutzerkonto zuzuordnen. Der Website Betreiber hat keine Kenntnis vom Inhalt der \u00fcbermittelten Daten sowie deren Nutzung durch LinkedIn. Weitere Informationen finden Sie in der Datenschutzerkl\u00e4rung von LinkedIn unter https:\/\/www.linkedin.com\/legal\/privacy-policy.<\/p>\t\t\t\t\t\t\t\t<\/div>\n\t\t\t\t<\/div>\n\t\t\t\t\t<\/div>\n\t\t\t\t<\/div>\n\t\t\t\t\t<\/div>\n\t\t\t\t<\/div>\n\t\t\t\t<\/div>","protected":false},"excerpt":{"rendered":"<p>protezione dati Siamo lieti che abbiate visitato il nostro sito web e speriamo che questa offerta vi fornisca le informazioni desiderate. Gli addetti a queste pagine sono molto impegnati per gestire in modo ottimale la protezione dei vostri dati personali. Trattiamo i vostri dati personali in modo confidenziale e in conformit\u00e0 alle norme di legge [&hellip;]<\/p>","protected":false},"author":1,"featured_media":0,"parent":0,"menu_order":0,"comment_status":"closed","ping_status":"closed","template":"","meta":{"ocean_post_layout":"full-screen","ocean_both_sidebars_style":"","ocean_both_sidebars_content_width":0,"ocean_both_sidebars_sidebars_width":0,"ocean_sidebar":"","ocean_second_sidebar":"","ocean_disable_margins":"enable","ocean_add_body_class":"","ocean_shortcode_before_top_bar":"","ocean_shortcode_after_top_bar":"","ocean_shortcode_before_header":"","ocean_shortcode_after_header":"","ocean_has_shortcode":"","ocean_shortcode_after_title":"","ocean_shortcode_before_footer_widgets":"","ocean_shortcode_after_footer_widgets":"","ocean_shortcode_before_footer_bottom":"","ocean_shortcode_after_footer_bottom":"","ocean_display_top_bar":"off","ocean_display_header":"default","ocean_header_style":"","ocean_center_header_left_menu":"","ocean_custom_header_template":"","ocean_custom_logo":0,"ocean_custom_retina_logo":0,"ocean_custom_logo_max_width":0,"ocean_custom_logo_tablet_max_width":0,"ocean_custom_logo_mobile_max_width":0,"ocean_custom_logo_max_height":0,"ocean_custom_logo_tablet_max_height":0,"ocean_custom_logo_mobile_max_height":0,"ocean_header_custom_menu":"","ocean_menu_typo_font_family":"","ocean_menu_typo_font_subset":"","ocean_menu_typo_font_size":0,"ocean_menu_typo_font_size_tablet":0,"ocean_menu_typo_font_size_mobile":0,"ocean_menu_typo_font_size_unit":"px","ocean_menu_typo_font_weight":"","ocean_menu_typo_font_weight_tablet":"","ocean_menu_typo_font_weight_mobile":"","ocean_menu_typo_transform":"","ocean_menu_typo_transform_tablet":"","ocean_menu_typo_transform_mobile":"","ocean_menu_typo_line_height":0,"ocean_menu_typo_line_height_tablet":0,"ocean_menu_typo_line_height_mobile":0,"ocean_menu_typo_line_height_unit":"","ocean_menu_typo_spacing":0,"ocean_menu_typo_spacing_tablet":0,"ocean_menu_typo_spacing_mobile":0,"ocean_menu_typo_spacing_unit":"","ocean_menu_link_color":"","ocean_menu_link_color_hover":"","ocean_menu_link_color_active":"","ocean_menu_link_background":"","ocean_menu_link_hover_background":"","ocean_menu_link_active_background":"","ocean_menu_social_links_bg":"","ocean_menu_social_hover_links_bg":"","ocean_menu_social_links_color":"","ocean_menu_social_hover_links_color":"","ocean_disable_title":"on","ocean_disable_heading":"default","ocean_post_title":"","ocean_post_subheading":"","ocean_post_title_style":"","ocean_post_title_background_color":"","ocean_post_title_background":0,"ocean_post_title_bg_image_position":"","ocean_post_title_bg_image_attachment":"","ocean_post_title_bg_image_repeat":"","ocean_post_title_bg_image_size":"","ocean_post_title_height":0,"ocean_post_title_bg_overlay":0.5,"ocean_post_title_bg_overlay_color":"","ocean_disable_breadcrumbs":"default","ocean_breadcrumbs_color":"","ocean_breadcrumbs_separator_color":"","ocean_breadcrumbs_links_color":"","ocean_breadcrumbs_links_hover_color":"","ocean_display_footer_widgets":"off","ocean_display_footer_bottom":"off","ocean_custom_footer_template":"","footnotes":""},"class_list":["post-794","page","type-page","status-publish","hentry","entry"],"_links":{"self":[{"href":"https:\/\/www.coach-4u.ch\/de\/wp-json\/wp\/v2\/pages\/794","targetHints":{"allow":["GET"]}}],"collection":[{"href":"https:\/\/www.coach-4u.ch\/de\/wp-json\/wp\/v2\/pages"}],"about":[{"href":"https:\/\/www.coach-4u.ch\/de\/wp-json\/wp\/v2\/types\/page"}],"author":[{"embeddable":true,"href":"https:\/\/www.coach-4u.ch\/de\/wp-json\/wp\/v2\/users\/1"}],"replies":[{"embeddable":true,"href":"https:\/\/www.coach-4u.ch\/de\/wp-json\/wp\/v2\/comments?post=794"}],"version-history":[{"count":106,"href":"https:\/\/www.coach-4u.ch\/de\/wp-json\/wp\/v2\/pages\/794\/revisions"}],"predecessor-version":[{"id":1996,"href":"https:\/\/www.coach-4u.ch\/de\/wp-json\/wp\/v2\/pages\/794\/revisions\/1996"}],"wp:attachment":[{"href":"https:\/\/www.coach-4u.ch\/de\/wp-json\/wp\/v2\/media?parent=794"}],"curies":[{"name":"wp","href":"https:\/\/api.w.org\/{rel}","templated":true}]}}